{"id":606,"date":"2022-05-28T16:02:39","date_gmt":"2022-05-28T14:02:39","guid":{"rendered":"https:\/\/kdmw.dnshome.de\/?page_id=606"},"modified":"2022-07-02T10:03:27","modified_gmt":"2022-07-02T08:03:27","slug":"so-19-6","status":"publish","type":"page","link":"https:\/\/kdmw.dnshome.de\/?page_id=606","title":{"rendered":"So 19.6."},"content":{"rendered":"\n<div class=\"wp-block-media-text alignwide has-media-on-the-right is-stacked-on-mobile is-vertically-aligned-center\" style=\"grid-template-columns:auto 38%\"><figure class=\"wp-block-media-text__media\"><img decoding=\"async\" width=\"1024\" height=\"570\" src=\"https:\/\/kdmw.dnshome.de\/wp-content\/uploads\/2022\/07\/karte4-1024x570.png\" alt=\"\" class=\"wp-image-1594 size-full\" srcset=\"https:\/\/kdmw.dnshome.de\/wp-content\/uploads\/2022\/07\/karte4-1024x570.png 1024w, https:\/\/kdmw.dnshome.de\/wp-content\/uploads\/2022\/07\/karte4-300x167.png 300w, https:\/\/kdmw.dnshome.de\/wp-content\/uploads\/2022\/07\/karte4-768x427.png 768w, https:\/\/kdmw.dnshome.de\/wp-content\/uploads\/2022\/07\/karte4.png 1105w\" sizes=\"(max-width: 1024px) 100vw, 1024px\" \/><\/figure><div class=\"wp-block-media-text__content\">\n<p class=\"has-medium-font-size\">Von Clearwater \u00fcber die vorgelagerte Inselkette immer direkt am Strand nach St. Pete Beach. Fehlen durfte nat\u00fcrlich nicht der t\u00e4gliche Stopp bei Publix. Das St. Pete Beach Suites ist ein sehr nettes Motel in direkter Strandlage. Zur Begr\u00fc\u00dfung gab&#8217;s einen Prosecco &#8211; au\u00dfergew\u00f6hnlich. Strandliegen, Sonnenschirme, Badet\u00fccher und Leihfahrr\u00e4der gab es kostenlos!<\/p>\n<\/div><\/div>\n\n\n<div class=\"pgc-sgb-cb wp-block-pgcsimplygalleryblock-masonry\" data-gallery-id=\"64d86407\"><div class=\"sgb-preloader\" id=\"pr_64d86407\" style=\"display: none;\">\n\t<div class=\"sgb-square\" style=\"background:#d4d4d4\"><\/div>\n\t<div class=\"sgb-square\" style=\"background:#d4d4d4\"><\/div>\n\t<div class=\"sgb-square\" style=\"background:#d4d4d4\"><\/div>\n\t<div class=\"sgb-square\" style=\"background:#d4d4d4\"><\/div><\/div><script type=\"application\/json\" class=\"sgb-data\">{\"collectionColumns\":6,\"collectionThumbRecomendedWidth\":100,\"externalLink\":false,\"captions\":false,\"collectionThumbSubMenuDownload\":false,\"collectionThumbSubMenuShare\":false,\"galleryType\":\"pgc_sgb_masonry\",\"galleryId\":\"64d86407\",\"images\":[{\"id\":1356,\"title\":\"usa 2022:06:19 10:50:55 max\",\"url\":\"https:\/\/kdmw.dnshome.de\/wp-content\/uploads\/2022\/06\/usa-20220619-105055-max-scaled.jpg\",\"link\":\"https:\/\/kdmw.dnshome.de\/?attachment_id=1356\",\"alt\":\"\",\"description\":\"\",\"caption\":\"\",\"mime\":\"image\/jpeg\",\"type\":\"image\",\"width\":1440,\"height\":2560,\"sizes\":{\"thumbnail\":{\"height\":150,\"width\":150,\"url\":\"https:\/\/kdmw.dnshome.de\/wp-content\/uploads\/2022\/06\/usa-20220619-105055-max-150x150.jpg\",\"orientation\":\"landscape\"},\"medium\":{\"height\":300,\"width\":169,\"url\":\"https:\/\/kdmw.dnshome.de\/wp-content\/uploads\/2022\/06\/usa-20220619-105055-max-169x300.jpg\",\"orientation\":\"portrait\"},\"large\":{\"height\":1024,\"width\":576,\"url\":\"https:\/\/kdmw.dnshome.de\/wp-content\/uploads\/2022\/06\/usa-20220619-105055-max-576x1024.jpg\",\"orientation\":\"portrait\"},\"full\":{\"url\":\"https:\/\/kdmw.dnshome.de\/wp-content\/uploads\/2022\/06\/usa-20220619-105055-max-scaled.jpg\",\"height\":2560,\"width\":1440,\"orientation\":\"portrait\"}},\"meta\":false,\"postlink\":\"https:\/\/kdmw.dnshome.de\/?attachment_id=1356\"},{\"id\":1357,\"title\":\"usa 2022:06:19 10:36:34 max\",\"url\":\"https:\/\/kdmw.dnshome.de\/wp-content\/uploads\/2022\/06\/usa-20220619-103634-max-scaled.jpg\",\"link\":\"https:\/\/kdmw.dnshome.de\/?attachment_id=1357\",\"alt\":\"\",\"description\":\"\",\"caption\":\"\",\"mime\":\"image\/jpeg\",\"type\":\"image\",\"width\":2560,\"height\":1440,\"sizes\":{\"thumbnail\":{\"height\":150,\"width\":150,\"url\":\"https:\/\/kdmw.dnshome.de\/wp-content\/uploads\/2022\/06\/usa-20220619-103634-max-150x150.jpg\",\"orientation\":\"landscape\"},\"medium\":{\"height\":169,\"width\":300,\"url\":\"https:\/\/kdmw.dnshome.de\/wp-content\/uploads\/2022\/06\/usa-20220619-103634-max-300x169.jpg\",\"orientation\":\"landscape\"},\"large\":{\"height\":576,\"width\":1024,\"url\":\"https:\/\/kdmw.dnshome.de\/wp-content\/uploads\/2022\/06\/usa-20220619-103634-max-1024x576.jpg\",\"orientation\":\"landscape\"},\"full\":{\"url\":\"https:\/\/kdmw.dnshome.de\/wp-content\/uploads\/2022\/06\/usa-20220619-103634-max-scaled.jpg\",\"height\":1440,\"width\":2560,\"orientation\":\"landscape\"}},\"meta\":false,\"postlink\":\"https:\/\/kdmw.dnshome.de\/?attachment_id=1357\"},{\"id\":1358,\"title\":\"usa 2022:06:19 10:55:13 max\",\"url\":\"https:\/\/kdmw.dnshome.de\/wp-content\/uploads\/2022\/06\/usa-20220619-105513-max-scaled.jpg\",\"link\":\"https:\/\/kdmw.dnshome.de\/?attachment_id=1358\",\"alt\":\"\",\"description\":\"\",\"caption\":\"\",\"mime\":\"image\/jpeg\",\"type\":\"image\",\"width\":2560,\"height\":1440,\"sizes\":{\"thumbnail\":{\"height\":150,\"width\":150,\"url\":\"https:\/\/kdmw.dnshome.de\/wp-content\/uploads\/2022\/06\/usa-20220619-105513-max-150x150.jpg\",\"orientation\":\"landscape\"},\"medium\":{\"height\":169,\"width\":300,\"url\":\"https:\/\/kdmw.dnshome.de\/wp-content\/uploads\/2022\/06\/usa-20220619-105513-max-300x169.jpg\",\"orientation\":\"landscape\"},\"large\":{\"height\":576,\"width\":1024,\"url\":\"https:\/\/kdmw.dnshome.de\/wp-content\/uploads\/2022\/06\/usa-20220619-105513-max-1024x576.jpg\",\"orientation\":\"landscape\"},\"full\":{\"url\":\"https:\/\/kdmw.dnshome.de\/wp-content\/uploads\/2022\/06\/usa-20220619-105513-max-scaled.jpg\",\"height\":1440,\"width\":2560,\"orientation\":\"landscape\"}},\"meta\":false,\"postlink\":\"https:\/\/kdmw.dnshome.de\/?attachment_id=1358\"},{\"id\":1359,\"title\":\"usa 2022:06:19 11:07:05 max\",\"url\":\"https:\/\/kdmw.dnshome.de\/wp-content\/uploads\/2022\/06\/usa-20220619-110705-max-scaled.jpg\",\"link\":\"https:\/\/kdmw.dnshome.de\/?attachment_id=1359\",\"alt\":\"\",\"description\":\"\",\"caption\":\"\",\"mime\":\"image\/jpeg\",\"type\":\"image\",\"width\":2560,\"height\":1440,\"sizes\":{\"thumbnail\":{\"height\":150,\"width\":150,\"url\":\"https:\/\/kdmw.dnshome.de\/wp-content\/uploads\/2022\/06\/usa-20220619-110705-max-150x150.jpg\",\"orientation\":\"landscape\"},\"medium\":{\"height\":169,\"width\":300,\"url\":\"https:\/\/kdmw.dnshome.de\/wp-content\/uploads\/2022\/06\/usa-20220619-110705-max-300x169.jpg\",\"orientation\":\"landscape\"},\"large\":{\"height\":576,\"width\":1024,\"url\":\"https:\/\/kdmw.dnshome.de\/wp-content\/uploads\/2022\/06\/usa-20220619-110705-max-1024x576.jpg\",\"orientation\":\"landscape\"},\"full\":{\"url\":\"https:\/\/kdmw.dnshome.de\/wp-content\/uploads\/2022\/06\/usa-20220619-110705-max-scaled.jpg\",\"height\":1440,\"width\":2560,\"orientation\":\"landscape\"}},\"meta\":false,\"postlink\":\"https:\/\/kdmw.dnshome.de\/?attachment_id=1359\"},{\"id\":1360,\"title\":\"usa 2022:06:19 11:09:32 max\",\"url\":\"https:\/\/kdmw.dnshome.de\/wp-content\/uploads\/2022\/06\/usa-20220619-110932-max-scaled.jpg\",\"link\":\"https:\/\/kdmw.dnshome.de\/?attachment_id=1360\",\"alt\":\"\",\"description\":\"\",\"caption\":\"\",\"mime\":\"image\/jpeg\",\"type\":\"image\",\"width\":2560,\"height\":1440,\"sizes\":{\"thumbnail\":{\"height\":150,\"width\":150,\"url\":\"https:\/\/kdmw.dnshome.de\/wp-content\/uploads\/2022\/06\/usa-20220619-110932-max-150x150.jpg\",\"orientation\":\"landscape\"},\"medium\":{\"height\":169,\"width\":300,\"url\":\"https:\/\/kdmw.dnshome.de\/wp-content\/uploads\/2022\/06\/usa-20220619-110932-max-300x169.jpg\",\"orientation\":\"landscape\"},\"large\":{\"height\":576,\"width\":1024,\"url\":\"https:\/\/kdmw.dnshome.de\/wp-content\/uploads\/2022\/06\/usa-20220619-110932-max-1024x576.jpg\",\"orientation\":\"landscape\"},\"full\":{\"url\":\"https:\/\/kdmw.dnshome.de\/wp-content\/uploads\/2022\/06\/usa-20220619-110932-max-scaled.jpg\",\"height\":1440,\"width\":2560,\"orientation\":\"landscape\"}},\"meta\":false,\"postlink\":\"https:\/\/kdmw.dnshome.de\/?attachment_id=1360\"},{\"id\":1361,\"title\":\"usa 2022:06:19 11:21:11 max\",\"url\":\"https:\/\/kdmw.dnshome.de\/wp-content\/uploads\/2022\/06\/usa-20220619-112111-max-scaled.jpg\",\"link\":\"https:\/\/kdmw.dnshome.de\/?attachment_id=1361\",\"alt\":\"\",\"description\":\"\",\"caption\":\"\",\"mime\":\"image\/jpeg\",\"type\":\"image\",\"width\":2560,\"height\":1440,\"sizes\":{\"thumbnail\":{\"height\":150,\"width\":150,\"url\":\"https:\/\/kdmw.dnshome.de\/wp-content\/uploads\/2022\/06\/usa-20220619-112111-max-150x150.jpg\",\"orientation\":\"landscape\"},\"medium\":{\"height\":169,\"width\":300,\"url\":\"https:\/\/kdmw.dnshome.de\/wp-content\/uploads\/2022\/06\/usa-20220619-112111-max-300x169.jpg\",\"orientation\":\"landscape\"},\"large\":{\"height\":576,\"width\":1024,\"url\":\"https:\/\/kdmw.dnshome.de\/wp-content\/uploads\/2022\/06\/usa-20220619-112111-max-1024x576.jpg\",\"orientation\":\"landscape\"},\"full\":{\"url\":\"https:\/\/kdmw.dnshome.de\/wp-content\/uploads\/2022\/06\/usa-20220619-112111-max-scaled.jpg\",\"height\":1440,\"width\":2560,\"orientation\":\"landscape\"}},\"meta\":false,\"postlink\":\"https:\/\/kdmw.dnshome.de\/?attachment_id=1361\"},{\"id\":1362,\"title\":\"usa 2022:06:19 11:22:14 max\",\"url\":\"https:\/\/kdmw.dnshome.de\/wp-content\/uploads\/2022\/06\/usa-20220619-112214-max-scaled.jpg\",\"link\":\"https:\/\/kdmw.dnshome.de\/?attachment_id=1362\",\"alt\":\"\",\"description\":\"\",\"caption\":\"\",\"mime\":\"image\/jpeg\",\"type\":\"image\",\"width\":2560,\"height\":1440,\"sizes\":{\"thumbnail\":{\"height\":150,\"width\":150,\"url\":\"https:\/\/kdmw.dnshome.de\/wp-content\/uploads\/2022\/06\/usa-20220619-112214-max-150x150.jpg\",\"orientation\":\"landscape\"},\"medium\":{\"height\":169,\"width\":300,\"url\":\"https:\/\/kdmw.dnshome.de\/wp-content\/uploads\/2022\/06\/usa-20220619-112214-max-300x169.jpg\",\"orientation\":\"landscape\"},\"large\":{\"height\":576,\"width\":1024,\"url\":\"https:\/\/kdmw.dnshome.de\/wp-content\/uploads\/2022\/06\/usa-20220619-112214-max-1024x576.jpg\",\"orientation\":\"landscape\"},\"full\":{\"url\":\"https:\/\/kdmw.dnshome.de\/wp-content\/uploads\/2022\/06\/usa-20220619-112214-max-scaled.jpg\",\"height\":1440,\"width\":2560,\"orientation\":\"landscape\"}},\"meta\":false,\"postlink\":\"https:\/\/kdmw.dnshome.de\/?attachment_id=1362\"},{\"id\":1363,\"title\":\"usa 2022:06:19 11:29:37 max\",\"url\":\"https:\/\/kdmw.dnshome.de\/wp-content\/uploads\/2022\/06\/usa-20220619-112937-max-scaled.jpg\",\"link\":\"https:\/\/kdmw.dnshome.de\/?attachment_id=1363\",\"alt\":\"\",\"description\":\"\",\"caption\":\"\",\"mime\":\"image\/jpeg\",\"type\":\"image\",\"width\":2560,\"height\":1440,\"sizes\":{\"thumbnail\":{\"height\":150,\"width\":150,\"url\":\"https:\/\/kdmw.dnshome.de\/wp-content\/uploads\/2022\/06\/usa-20220619-112937-max-150x150.jpg\",\"orientation\":\"landscape\"},\"medium\":{\"height\":169,\"width\":300,\"url\":\"https:\/\/kdmw.dnshome.de\/wp-content\/uploads\/2022\/06\/usa-20220619-112937-max-300x169.jpg\",\"orientation\":\"landscape\"},\"large\":{\"height\":576,\"width\":1024,\"url\":\"https:\/\/kdmw.dnshome.de\/wp-content\/uploads\/2022\/06\/usa-20220619-112937-max-1024x576.jpg\",\"orientation\":\"landscape\"},\"full\":{\"url\":\"https:\/\/kdmw.dnshome.de\/wp-content\/uploads\/2022\/06\/usa-20220619-112937-max-scaled.jpg\",\"height\":1440,\"width\":2560,\"orientation\":\"landscape\"}},\"meta\":false,\"postlink\":\"https:\/\/kdmw.dnshome.de\/?attachment_id=1363\"},{\"id\":1364,\"title\":\"usa 2022:06:19 12:08:04 max\",\"url\":\"https:\/\/kdmw.dnshome.de\/wp-content\/uploads\/2022\/06\/usa-20220619-120804-max-scaled.jpg\",\"link\":\"https:\/\/kdmw.dnshome.de\/?attachment_id=1364\",\"alt\":\"\",\"description\":\"\",\"caption\":\"\",\"mime\":\"image\/jpeg\",\"type\":\"image\",\"width\":2560,\"height\":1440,\"sizes\":{\"thumbnail\":{\"height\":150,\"width\":150,\"url\":\"https:\/\/kdmw.dnshome.de\/wp-content\/uploads\/2022\/06\/usa-20220619-120804-max-150x150.jpg\",\"orientation\":\"landscape\"},\"medium\":{\"height\":169,\"width\":300,\"url\":\"https:\/\/kdmw.dnshome.de\/wp-content\/uploads\/2022\/06\/usa-20220619-120804-max-300x169.jpg\",\"orientation\":\"landscape\"},\"large\":{\"height\":576,\"width\":1024,\"url\":\"https:\/\/kdmw.dnshome.de\/wp-content\/uploads\/2022\/06\/usa-20220619-120804-max-1024x576.jpg\",\"orientation\":\"landscape\"},\"full\":{\"url\":\"https:\/\/kdmw.dnshome.de\/wp-content\/uploads\/2022\/06\/usa-20220619-120804-max-scaled.jpg\",\"height\":1440,\"width\":2560,\"orientation\":\"landscape\"}},\"meta\":false,\"postlink\":\"https:\/\/kdmw.dnshome.de\/?attachment_id=1364\"},{\"id\":1365,\"title\":\"usa 2022:06:19 14:56:06 max\",\"url\":\"https:\/\/kdmw.dnshome.de\/wp-content\/uploads\/2022\/06\/usa-20220619-145606-max-scaled.jpg\",\"link\":\"https:\/\/kdmw.dnshome.de\/?attachment_id=1365\",\"alt\":\"\",\"description\":\"\",\"caption\":\"\",\"mime\":\"image\/jpeg\",\"type\":\"image\",\"width\":2560,\"height\":1440,\"sizes\":{\"thumbnail\":{\"height\":150,\"width\":150,\"url\":\"https:\/\/kdmw.dnshome.de\/wp-content\/uploads\/2022\/06\/usa-20220619-145606-max-150x150.jpg\",\"orientation\":\"landscape\"},\"medium\":{\"height\":169,\"width\":300,\"url\":\"https:\/\/kdmw.dnshome.de\/wp-content\/uploads\/2022\/06\/usa-20220619-145606-max-300x169.jpg\",\"orientation\":\"landscape\"},\"large\":{\"height\":576,\"width\":1024,\"url\":\"https:\/\/kdmw.dnshome.de\/wp-content\/uploads\/2022\/06\/usa-20220619-145606-max-1024x576.jpg\",\"orientation\":\"landscape\"},\"full\":{\"url\":\"https:\/\/kdmw.dnshome.de\/wp-content\/uploads\/2022\/06\/usa-20220619-145606-max-scaled.jpg\",\"height\":1440,\"width\":2560,\"orientation\":\"landscape\"}},\"meta\":false,\"postlink\":\"https:\/\/kdmw.dnshome.de\/?attachment_id=1365\"},{\"id\":1366,\"title\":\"usa 2022:06:20 09:18:07 max\",\"url\":\"https:\/\/kdmw.dnshome.de\/wp-content\/uploads\/2022\/06\/usa-20220620-091807-max-scaled.jpg\",\"link\":\"https:\/\/kdmw.dnshome.de\/?attachment_id=1366\",\"alt\":\"\",\"description\":\"\",\"caption\":\"\",\"mime\":\"image\/jpeg\",\"type\":\"image\",\"width\":1440,\"height\":2560,\"sizes\":{\"thumbnail\":{\"height\":150,\"width\":150,\"url\":\"https:\/\/kdmw.dnshome.de\/wp-content\/uploads\/2022\/06\/usa-20220620-091807-max-150x150.jpg\",\"orientation\":\"landscape\"},\"medium\":{\"height\":300,\"width\":169,\"url\":\"https:\/\/kdmw.dnshome.de\/wp-content\/uploads\/2022\/06\/usa-20220620-091807-max-169x300.jpg\",\"orientation\":\"portrait\"},\"large\":{\"height\":1024,\"width\":576,\"url\":\"https:\/\/kdmw.dnshome.de\/wp-content\/uploads\/2022\/06\/usa-20220620-091807-max-576x1024.jpg\",\"orientation\":\"portrait\"},\"full\":{\"url\":\"https:\/\/kdmw.dnshome.de\/wp-content\/uploads\/2022\/06\/usa-20220620-091807-max-scaled.jpg\",\"height\":2560,\"width\":1440,\"orientation\":\"portrait\"}},\"meta\":false,\"postlink\":\"https:\/\/kdmw.dnshome.de\/?attachment_id=1366\"}],\"itemsMetaDataCollection\":[],\"sliderSocialShareEnabled\":false}<\/script><script>(function(){var sgbPrel = document.getElementById(\"pr_64d86407\"); if(sgbPrel){sgbPrel.style.display=\"block\";} if(window.PGC_SGB && window.PGC_SGB.searcher){window.PGC_SGB.searcher.initBlocks()}})()<\/script><noscript><div class=\"simply-gallery-amp pgc_sgb_slider \"><div class=\"sgb-gallery\"><div class=\"sgb-item\"><a href=\"https:\/\/kdmw.dnshome.de\/?attachment_id=1356\"><img decoding=\"async\" alt=\"\" width=\"169\" height=\"300\" data-lazy-src=\"\" class=\"skip-lazy no-lazyload noLazy\" src=\"https:\/\/kdmw.dnshome.de\/wp-content\/uploads\/2022\/06\/usa-20220619-105055-max-169x300.jpg\"\/><\/a><\/div><div class=\"sgb-item\"><a href=\"https:\/\/kdmw.dnshome.de\/?attachment_id=1357\"><img decoding=\"async\" alt=\"\" width=\"300\" height=\"169\" data-lazy-src=\"\" class=\"skip-lazy no-lazyload noLazy\" src=\"https:\/\/kdmw.dnshome.de\/wp-content\/uploads\/2022\/06\/usa-20220619-103634-max-300x169.jpg\"\/><\/a><\/div><div class=\"sgb-item\"><a href=\"https:\/\/kdmw.dnshome.de\/?attachment_id=1358\"><img decoding=\"async\" alt=\"\" width=\"300\" height=\"169\" data-lazy-src=\"\" class=\"skip-lazy no-lazyload noLazy\" src=\"https:\/\/kdmw.dnshome.de\/wp-content\/uploads\/2022\/06\/usa-20220619-105513-max-300x169.jpg\"\/><\/a><\/div><div class=\"sgb-item\"><a href=\"https:\/\/kdmw.dnshome.de\/?attachment_id=1359\"><img decoding=\"async\" alt=\"\" width=\"300\" height=\"169\" data-lazy-src=\"\" class=\"skip-lazy no-lazyload noLazy\" src=\"https:\/\/kdmw.dnshome.de\/wp-content\/uploads\/2022\/06\/usa-20220619-110705-max-300x169.jpg\"\/><\/a><\/div><div class=\"sgb-item\"><a href=\"https:\/\/kdmw.dnshome.de\/?attachment_id=1360\"><img decoding=\"async\" alt=\"\" width=\"300\" height=\"169\" data-lazy-src=\"\" class=\"skip-lazy no-lazyload noLazy\" src=\"https:\/\/kdmw.dnshome.de\/wp-content\/uploads\/2022\/06\/usa-20220619-110932-max-300x169.jpg\"\/><\/a><\/div><div class=\"sgb-item\"><a href=\"https:\/\/kdmw.dnshome.de\/?attachment_id=1361\"><img decoding=\"async\" alt=\"\" width=\"300\" height=\"169\" data-lazy-src=\"\" class=\"skip-lazy no-lazyload noLazy\" src=\"https:\/\/kdmw.dnshome.de\/wp-content\/uploads\/2022\/06\/usa-20220619-112111-max-300x169.jpg\"\/><\/a><\/div><div class=\"sgb-item\"><a href=\"https:\/\/kdmw.dnshome.de\/?attachment_id=1362\"><img decoding=\"async\" alt=\"\" width=\"300\" height=\"169\" data-lazy-src=\"\" class=\"skip-lazy no-lazyload noLazy\" src=\"https:\/\/kdmw.dnshome.de\/wp-content\/uploads\/2022\/06\/usa-20220619-112214-max-300x169.jpg\"\/><\/a><\/div><div class=\"sgb-item\"><a href=\"https:\/\/kdmw.dnshome.de\/?attachment_id=1363\"><img decoding=\"async\" alt=\"\" width=\"300\" height=\"169\" data-lazy-src=\"\" class=\"skip-lazy no-lazyload noLazy\" src=\"https:\/\/kdmw.dnshome.de\/wp-content\/uploads\/2022\/06\/usa-20220619-112937-max-300x169.jpg\"\/><\/a><\/div><div class=\"sgb-item\"><a href=\"https:\/\/kdmw.dnshome.de\/?attachment_id=1364\"><img decoding=\"async\" alt=\"\" width=\"300\" height=\"169\" data-lazy-src=\"\" class=\"skip-lazy no-lazyload noLazy\" src=\"https:\/\/kdmw.dnshome.de\/wp-content\/uploads\/2022\/06\/usa-20220619-120804-max-300x169.jpg\"\/><\/a><\/div><div class=\"sgb-item\"><a href=\"https:\/\/kdmw.dnshome.de\/?attachment_id=1365\"><img decoding=\"async\" alt=\"\" width=\"300\" height=\"169\" data-lazy-src=\"\" class=\"skip-lazy no-lazyload noLazy\" src=\"https:\/\/kdmw.dnshome.de\/wp-content\/uploads\/2022\/06\/usa-20220619-145606-max-300x169.jpg\"\/><\/a><\/div><div class=\"sgb-item\"><a href=\"https:\/\/kdmw.dnshome.de\/?attachment_id=1366\"><img decoding=\"async\" alt=\"\" width=\"169\" height=\"300\" data-lazy-src=\"\" class=\"skip-lazy no-lazyload noLazy\" src=\"https:\/\/kdmw.dnshome.de\/wp-content\/uploads\/2022\/06\/usa-20220620-091807-max-169x300.jpg\"\/><\/a><\/div><\/div><\/div><\/noscript><\/div>\n\n\n<div class=\"wp-block-buttons is-content-justification-center is-layout-flex wp-container-core-buttons-is-layout-e1485a7b wp-block-buttons-is-layout-flex\">\n<div class=\"wp-block-button has-custom-width wp-block-button__width-25 has-custom-font-size has-small-font-size\"><a class=\"wp-block-button__link has-background\" href=\"https:\/\/kdmw.dnshome.de\/?page_id=609\" style=\"border-radius:10px;background-color:#013249\">der n\u00e4chste Tag \u2026<\/a><\/div>\n<\/div>\n","protected":false},"excerpt":{"rendered":"<p>Von Clearwater \u00fcber die vorgelagerte Inselkette immer direkt am Strand nach St. Pete Beach. Fehlen durfte nat\u00fcrlich nicht der t\u00e4gliche Stopp bei Publix. Das St. Pete Beach Suites ist ein sehr nettes Motel in direkter Strandlage. Zur Begr\u00fc\u00dfung gab&#8217;s einen Prosecco &#8211; au\u00dfergew\u00f6hnlich. Strandliegen, Sonnenschirme, Badet\u00fccher und Leihfahrr\u00e4der gab es kostenlos!<\/p>\n","protected":false},"author":1,"featured_media":0,"parent":186,"menu_order":0,"comment_status":"closed","ping_status":"closed","template":"","meta":{"pgc_sgb_lightbox_settings":"","footnotes":""},"class_list":["post-606","page","type-page","status-publish","hentry"],"_links":{"self":[{"href":"https:\/\/kdmw.dnshome.de\/index.php?rest_route=\/wp\/v2\/pages\/606","targetHints":{"allow":["GET"]}}],"collection":[{"href":"https:\/\/kdmw.dnshome.de\/index.php?rest_route=\/wp\/v2\/pages"}],"about":[{"href":"https:\/\/kdmw.dnshome.de\/index.php?rest_route=\/wp\/v2\/types\/page"}],"author":[{"embeddable":true,"href":"https:\/\/kdmw.dnshome.de\/index.php?rest_route=\/wp\/v2\/users\/1"}],"replies":[{"embeddable":true,"href":"https:\/\/kdmw.dnshome.de\/index.php?rest_route=%2Fwp%2Fv2%2Fcomments&post=606"}],"version-history":[{"count":8,"href":"https:\/\/kdmw.dnshome.de\/index.php?rest_route=\/wp\/v2\/pages\/606\/revisions"}],"predecessor-version":[{"id":1748,"href":"https:\/\/kdmw.dnshome.de\/index.php?rest_route=\/wp\/v2\/pages\/606\/revisions\/1748"}],"up":[{"embeddable":true,"href":"https:\/\/kdmw.dnshome.de\/index.php?rest_route=\/wp\/v2\/pages\/186"}],"wp:attachment":[{"href":"https:\/\/kdmw.dnshome.de\/index.php?rest_route=%2Fwp%2Fv2%2Fmedia&parent=606"}],"curies":[{"name":"wp","href":"https:\/\/api.w.org\/{rel}","templated":true}]}}